{"id":1148,"date":"2024-09-13T02:11:19","date_gmt":"2024-09-13T02:11:19","guid":{"rendered":"https:\/\/www.mattscreations.ca\/wordpress\/?page_id=1148"},"modified":"2024-09-13T02:14:08","modified_gmt":"2024-09-13T02:14:08","slug":"a-propos","status":"publish","type":"page","link":"http:\/\/www.mattscreations.ca\/wordpress\/fr\/a-propos\/","title":{"rendered":"\u00c0 propos de nous"},"content":{"rendered":"<div class=\"wp-block-image\">\n<figure class=\"alignleft\"><img loading=\"lazy\" decoding=\"async\" width=\"300\" height=\"400\" src=\"http:\/\/www.mattscreations.ca\/wordpress\/wp-content\/uploads\/2013\/05\/Martha-Webster.jpg\" alt=\"Martha-Webster\" class=\"wp-image-317\" srcset=\"http:\/\/www.mattscreations.ca\/wordpress\/wp-content\/uploads\/2013\/05\/Martha-Webster.jpg 300w, http:\/\/www.mattscreations.ca\/wordpress\/wp-content\/uploads\/2013\/05\/Martha-Webster-225x300.jpg 225w\" sizes=\"auto, (max-width: 300px) 100vw, 300px\" \/><\/figure>\n<\/div>\n\n\n<p>Cr\u00e9ations Matts a \u00e9t\u00e9 fond\u00e9e par une passion profonde pour la p\u00e2tisserie et les arts manuels, soutenue par l&#8217;encouragement pr\u00e9cieux de proches.<\/p>\n\n\n\n<p>Depuis l&#8217;\u00e2ge de 13 ans, une passion pour la p\u00e2tisserie a \u00e9merg\u00e9 avec l&#8217;acquisition d&#8217;un livre de d\u00e9coration de g\u00e2teaux, marquant le d\u00e9but d&#8217;un parcours enrichissant. Cette passion s&#8217;est transform\u00e9e en une expertise professionnelle avec l&#8217;acquisition de comp\u00e9tences sp\u00e9cialis\u00e9es en p\u00e2tisserie.<\/p>\n\n\n\n<p>Nous nous sp\u00e9cialisons \u00e9galement dans la d\u00e9coration d&#8217;\u00e9v\u00e9nements et la location de mat\u00e9riel.<\/p>\n\n\n\n<p>Aujourd&#8217;hui, Cr\u00e9ations Matts se consacre \u00e0 offrir des g\u00e2teaux sur mesure, des tables sucr\u00e9es personnalis\u00e9es et des d\u00e9corations, transformant chaque \u00e9v\u00e9nement en une exp\u00e9rience m\u00e9morable.<\/p>\n","protected":false},"excerpt":{"rendered":"<p>Cr\u00e9ations Matts a \u00e9t\u00e9 fond\u00e9e par une passion profonde pour la p\u00e2tisserie et les arts manuels, soutenue par l&#8217;encouragement pr\u00e9cieux de proches. Depuis l&#8217;\u00e2ge de 13 ans, une passion pour la p\u00e2tisserie a \u00e9merg\u00e9 avec l&#8217;acquisition d&#8217;un livre de d\u00e9coration de g\u00e2teaux, marquant le d\u00e9but d&#8217;un parcours enrichissant. Cette passion s&#8217;est transform\u00e9e en une expertise &hellip; <\/p>\n<p class=\"link-more\"><a href=\"http:\/\/www.mattscreations.ca\/wordpress\/fr\/a-propos\/\" class=\"more-link\">Continue reading<span class=\"screen-reader-text\"> &#8220;\u00c0 propos de nous&#8221;<\/span><\/a><\/p>\n","protected":false},"author":6,"featured_media":0,"parent":0,"menu_order":0,"comment_status":"closed","ping_status":"open","template":"","meta":{"footnotes":""},"class_list":["post-1148","page","type-page","status-publish","hentry"],"_links":{"self":[{"href":"http:\/\/www.mattscreations.ca\/wordpress\/wp-json\/wp\/v2\/pages\/1148","targetHints":{"allow":["GET"]}}],"collection":[{"href":"http:\/\/www.mattscreations.ca\/wordpress\/wp-json\/wp\/v2\/pages"}],"about":[{"href":"http:\/\/www.mattscreations.ca\/wordpress\/wp-json\/wp\/v2\/types\/page"}],"author":[{"embeddable":true,"href":"http:\/\/www.mattscreations.ca\/wordpress\/wp-json\/wp\/v2\/users\/6"}],"replies":[{"embeddable":true,"href":"http:\/\/www.mattscreations.ca\/wordpress\/wp-json\/wp\/v2\/comments?post=1148"}],"version-history":[{"count":4,"href":"http:\/\/www.mattscreations.ca\/wordpress\/wp-json\/wp\/v2\/pages\/1148\/revisions"}],"predecessor-version":[{"id":1154,"href":"http:\/\/www.mattscreations.ca\/wordpress\/wp-json\/wp\/v2\/pages\/1148\/revisions\/1154"}],"wp:attachment":[{"href":"http:\/\/www.mattscreations.ca\/wordpress\/wp-json\/wp\/v2\/media?parent=1148"}],"curies":[{"name":"wp","href":"https:\/\/api.w.org\/{rel}","templated":true}]}}