{"id":1162,"date":"2024-09-13T02:36:25","date_gmt":"2024-09-13T02:36:25","guid":{"rendered":"https:\/\/www.mattscreations.ca\/wordpress\/?page_id=1162"},"modified":"2024-09-13T03:06:08","modified_gmt":"2024-09-13T03:06:08","slug":"table-sucree","status":"publish","type":"page","link":"http:\/\/www.mattscreations.ca\/wordpress\/fr\/table-sucree\/","title":{"rendered":"Table sucr\u00e9e"},"content":{"rendered":"\n<figure class=\"wp-block-gallery has-nested-images columns-default is-cropped wp-block-gallery-1 is-layout-flex wp-block-gallery-is-layout-flex\">\n<figure data-wp-context=\"{&quot;imageId&quot;:&quot;69f46d146d28f&quot;}\" data-wp-interactive=\"core\/image\" data-wp-key=\"69f46d146d28f\" class=\"wp-block-image size-large sweet-table-css wp-lightbox-container\"><img loading=\"lazy\" decoding=\"async\" width=\"1024\" height=\"599\" data-wp-class--hide=\"state.isContentHidden\" data-wp-class--show=\"state.isContentVisible\" data-wp-init=\"callbacks.setButtonStyles\" data-wp-on--click=\"actions.showLightbox\" data-wp-on--load=\"callbacks.setButtonStyles\" data-wp-on-window--resize=\"callbacks.setButtonStyles\" data-id=\"1032\" src=\"https:\/\/www.mattscreations.ca\/wordpress\/wp-content\/uploads\/2024\/08\/sweet-table-collage-1-1024x599.png\" alt=\"\" class=\"wp-image-1032\" srcset=\"http:\/\/www.mattscreations.ca\/wordpress\/wp-content\/uploads\/2024\/08\/sweet-table-collage-1-1024x599.png 1024w, http:\/\/www.mattscreations.ca\/wordpress\/wp-content\/uploads\/2024\/08\/sweet-table-collage-1-300x175.png 300w, http:\/\/www.mattscreations.ca\/wordpress\/wp-content\/uploads\/2024\/08\/sweet-table-collage-1-768x449.png 768w, http:\/\/www.mattscreations.ca\/wordpress\/wp-content\/uploads\/2024\/08\/sweet-table-collage-1-1536x898.png 1536w, http:\/\/www.mattscreations.ca\/wordpress\/wp-content\/uploads\/2024\/08\/sweet-table-collage-1.png 1598w\" sizes=\"auto, (max-width: 767px) 89vw, (max-width: 1000px) 54vw, (max-width: 1071px) 543px, 580px\" \/><button\n\t\t\tclass=\"lightbox-trigger\"\n\t\t\ttype=\"button\"\n\t\t\taria-haspopup=\"dialog\"\n\t\t\taria-label=\"Enlarge\"\n\t\t\tdata-wp-init=\"callbacks.initTriggerButton\"\n\t\t\tdata-wp-on--click=\"actions.showLightbox\"\n\t\t\tdata-wp-style--right=\"state.imageButtonRight\"\n\t\t\tdata-wp-style--top=\"state.imageButtonTop\"\n\t\t>\n\t\t\t<svg xmlns=\"http:\/\/www.w3.org\/2000\/svg\" width=\"12\" height=\"12\" fill=\"none\" viewBox=\"0 0 12 12\">\n\t\t\t\t<path fill=\"#fff\" d=\"M2 0a2 2 0 0 0-2 2v2h1.5V2a.5.5 0 0 1 .5-.5h2V0H2Zm2 10.5H2a.5.5 0 0 1-.5-.5V8H0v2a2 2 0 0 0 2 2h2v-1.5ZM8 12v-1.5h2a.5.5 0 0 0 .5-.5V8H12v2a2 2 0 0 1-2 2H8Zm2-12a2 2 0 0 1 2 2v2h-1.5V2a.5.5 0 0 0-.5-.5H8V0h2Z\" \/>\n\t\t\t<\/svg>\n\t\t<\/button><\/figure>\n<\/figure>\n\n\n\n<p>Nous proposons des <strong>tables sucr\u00e9es<\/strong> en deux options diff\u00e9rentes :<\/p>\n\n\n\n<p class=\"has-white-color has-text-color has-background has-link-color wp-elements-9a36d8e91f77d331647d0942b8d58ea3\" style=\"background-color:#b28301\">OPTION 1 &#8211; Le paiement est factur\u00e9 par personne, avec un minimum de 100 personnes, disponible en 3 cat\u00e9gories.<\/p>\n\n\n\n<div class=\"wp-block-columns sweet-table-options is-layout-flex wp-container-core-columns-is-layout-9d6595d7 wp-block-columns-is-layout-flex\">\n<div class=\"wp-block-column is-vertically-aligned-top is-layout-flow wp-block-column-is-layout-flow\">\n<p class=\"has-text-align-center\"><strong>Desserts r\u00e9guliers <\/strong>: 8 $\/personne<\/p>\n\n\n\n<p class=\"has-text-align-center\"><strong>Desserts<\/strong> <strong>premium<\/strong>: 9,50 $\/personne<\/p>\n\n\n\n<p class=\"has-text-align-center\"><strong>Desserts<\/strong> <strong>sucr\u00e9s et sal\u00e9s<\/strong> : 15 $\/personne<\/p>\n<\/div>\n<\/div>\n\n\n\n<p class=\"has-white-color has-text-color has-background has-link-color wp-elements-7bdbf1b1049488ef9956f33e8f141f02\" style=\"background-color:#b28301\">OPTION 2 &#8211; Choix du menu par le client<\/p>\n\n\n\n<div class=\"wp-block-columns sweet-table-options is-layout-flex wp-container-core-columns-is-layout-9d6595d7 wp-block-columns-is-layout-flex\">\n<div class=\"wp-block-column is-layout-flow wp-block-column-is-layout-flow\">\n<p class=\"has-text-align-center\"><strong>Cupcakes sp\u00e9cialis\u00e9s<\/strong> : 45 $ \u00e0 60 $ la douzaine <em>*voir liste ci-dessous<\/em><\/p>\n\n\n\n<p class=\"has-text-align-center\"><strong>Mini cupcakes (chocolat et vanille) <\/strong>: 15 $ la douzaine<\/p>\n\n\n\n<p class=\"has-text-align-center\"><strong>Cake pops<\/strong> : 15 $ la douzaine<\/p>\n\n\n\n<p class=\"has-text-align-center\"><strong>Mini tartes<\/strong> : 40 $ la douzaine<\/p>\n\n\n\n<p class=\"has-text-align-center\"><strong>Mini cheesecakes classiques<\/strong> : 40 $ la douzaine<\/p>\n\n\n\n<p class=\"has-text-align-center\"><strong>Mini cheesecakes sans cuisson<\/strong> : 45 $ la douzaine<\/p>\n\n\n\n<p class=\"has-text-align-center\"><strong>\u00c9clairs <\/strong>: 45 $ la douzaine<\/p>\n\n\n\n<p class=\"has-text-align-center\"><strong>Biscuits :<\/strong> 25 $ la douzaine<\/p>\n\n\n\n<p class=\"has-text-align-center\"><strong>Biscuits garnis:<\/strong> 45 $ la douzaine<\/p>\n\n\n\n<p class=\"has-text-align-center\"><strong>Coupes de mousse :<\/strong> 35 $ la douzaine<\/p>\n\n\n\n<p class=\"has-text-align-center\"><strong>Mini g\u00e2teaux mousse : <\/strong>45 $ la douzaine<\/p>\n<\/div>\n<\/div>\n\n\n\n<p><em>* <strong>Liste des Cupcakes sp\u00e9cialis\u00e9s<\/strong><\/em><strong> :<\/strong> Vanille, Chocolat, Red Velvet, Oreo, Carotte, Fraise, Caramel sal\u00e9 et Citron.<\/p>\n\n\n\n<p>La personnalisation des options et des saveurs est possible.<\/p>\n\n\n\n<p>Pour toute question ou pour passer une commande, <a href=\"https:\/\/www.mattscreations.ca\/wordpress\/fr\/info-contact\/\" data-type=\"page\" data-id=\"1160\">contactez-nous<\/a>.<\/p>\n","protected":false},"excerpt":{"rendered":"<p>Nous proposons des tables sucr\u00e9es en deux options diff\u00e9rentes : OPTION 1 &#8211; Le paiement est factur\u00e9 par personne, avec un minimum de 100 personnes, disponible en 3 cat\u00e9gories. Desserts r\u00e9guliers : 8 $\/personne Desserts premium: 9,50 $\/personne Desserts sucr\u00e9s et sal\u00e9s : 15 $\/personne OPTION 2 &#8211; Choix du menu par le client Cupcakes &hellip; <\/p>\n<p class=\"link-more\"><a href=\"http:\/\/www.mattscreations.ca\/wordpress\/fr\/table-sucree\/\" class=\"more-link\">Continue reading<span class=\"screen-reader-text\"> &#8220;Table sucr\u00e9e&#8221;<\/span><\/a><\/p>\n","protected":false},"author":6,"featured_media":0,"parent":0,"menu_order":0,"comment_status":"closed","ping_status":"closed","template":"","meta":{"footnotes":""},"class_list":["post-1162","page","type-page","status-publish","hentry"],"_links":{"self":[{"href":"http:\/\/www.mattscreations.ca\/wordpress\/wp-json\/wp\/v2\/pages\/1162","targetHints":{"allow":["GET"]}}],"collection":[{"href":"http:\/\/www.mattscreations.ca\/wordpress\/wp-json\/wp\/v2\/pages"}],"about":[{"href":"http:\/\/www.mattscreations.ca\/wordpress\/wp-json\/wp\/v2\/types\/page"}],"author":[{"embeddable":true,"href":"http:\/\/www.mattscreations.ca\/wordpress\/wp-json\/wp\/v2\/users\/6"}],"replies":[{"embeddable":true,"href":"http:\/\/www.mattscreations.ca\/wordpress\/wp-json\/wp\/v2\/comments?post=1162"}],"version-history":[{"count":5,"href":"http:\/\/www.mattscreations.ca\/wordpress\/wp-json\/wp\/v2\/pages\/1162\/revisions"}],"predecessor-version":[{"id":1185,"href":"http:\/\/www.mattscreations.ca\/wordpress\/wp-json\/wp\/v2\/pages\/1162\/revisions\/1185"}],"wp:attachment":[{"href":"http:\/\/www.mattscreations.ca\/wordpress\/wp-json\/wp\/v2\/media?parent=1162"}],"curies":[{"name":"wp","href":"https:\/\/api.w.org\/{rel}","templated":true}]}}