{"id":1160,"date":"2024-09-13T02:29:07","date_gmt":"2024-09-13T02:29:07","guid":{"rendered":"https:\/\/www.mattscreations.ca\/wordpress\/?page_id=1160"},"modified":"2024-10-17T15:34:19","modified_gmt":"2024-10-17T15:34:19","slug":"info-contact","status":"publish","type":"page","link":"https:\/\/www.mattscreations.ca\/wordpress\/fr\/info-contact\/","title":{"rendered":"Contact"},"content":{"rendered":"\n<p>Vous souhaitez passer une commande ou avez des questions ? N&#8217;h\u00e9sitez pas \u00e0 nous contacter !<\/p>\n\n\n\n<p><\/p>\n\n\n\n<p>T\u00e9l\u00e9phone \/ WhatsApp : <strong>514-895-6849<\/strong><\/p>\n\n\n\n<p>Courriel : <a><strong>mattscreations1@gmail.com<\/strong><\/a><\/p>\n\n\n\n<p><\/p>\n\n\n\n<p><em>*  Pour les g\u00e2teaux de mariage, une d\u00e9gustation est disponible avant l&#8217;\u00e9v\u00e9nement.<\/em><\/p>\n\n\n\n<p><\/p>\n\n\n\n<p>La livraison est disponible. Nous sommes situ\u00e9s \u00e0 Saint-Colomban, Qu\u00e9bec.<\/p>\n","protected":false},"excerpt":{"rendered":"<p>Vous souhaitez passer une commande ou avez des questions ? N&#8217;h\u00e9sitez pas \u00e0 nous contacter ! T\u00e9l\u00e9phone \/ WhatsApp : 514-895-6849 Courriel : mattscreations1@gmail.com * Pour les g\u00e2teaux de mariage, une d\u00e9gustation est disponible avant l&#8217;\u00e9v\u00e9nement. La livraison est disponible. Nous sommes situ\u00e9s \u00e0 Saint-Colomban, Qu\u00e9bec.<\/p>\n","protected":false},"author":6,"featured_media":0,"parent":0,"menu_order":0,"comment_status":"closed","ping_status":"closed","template":"","meta":{"footnotes":""},"class_list":["post-1160","page","type-page","status-publish","hentry"],"_links":{"self":[{"href":"https:\/\/www.mattscreations.ca\/wordpress\/wp-json\/wp\/v2\/pages\/1160","targetHints":{"allow":["GET"]}}],"collection":[{"href":"https:\/\/www.mattscreations.ca\/wordpress\/wp-json\/wp\/v2\/pages"}],"about":[{"href":"https:\/\/www.mattscreations.ca\/wordpress\/wp-json\/wp\/v2\/types\/page"}],"author":[{"embeddable":true,"href":"https:\/\/www.mattscreations.ca\/wordpress\/wp-json\/wp\/v2\/users\/6"}],"replies":[{"embeddable":true,"href":"https:\/\/www.mattscreations.ca\/wordpress\/wp-json\/wp\/v2\/comments?post=1160"}],"version-history":[{"count":3,"href":"https:\/\/www.mattscreations.ca\/wordpress\/wp-json\/wp\/v2\/pages\/1160\/revisions"}],"predecessor-version":[{"id":1318,"href":"https:\/\/www.mattscreations.ca\/wordpress\/wp-json\/wp\/v2\/pages\/1160\/revisions\/1318"}],"wp:attachment":[{"href":"https:\/\/www.mattscreations.ca\/wordpress\/wp-json\/wp\/v2\/media?parent=1160"}],"curies":[{"name":"wp","href":"https:\/\/api.w.org\/{rel}","templated":true}]}}